{"id":3420,"date":"2025-10-06T01:11:18","date_gmt":"2025-10-05T22:11:18","guid":{"rendered":"https:\/\/www.hdbilisim.net\/?page_id=3420"},"modified":"2025-10-06T01:21:01","modified_gmt":"2025-10-05T22:21:01","slug":"showroom","status":"publish","type":"page","link":"https:\/\/www.hdbilisim.net\/index.php\/showroom\/","title":{"rendered":"Showroom"},"content":{"rendered":"<div class=\"wpb-content-wrapper\"><p>[vc_row][vc_column][vc_custom_heading text=&#8221;SHOWROOM MA\u011eAZASI&#8221; font_container=&#8221;tag:h2|text_align:center&#8221; google_fonts=&#8221;font_family:Roboto%3A100%2C100italic%2C300%2C300italic%2Cregular%2Citalic%2C500%2C500italic%2C700%2C700italic%2C900%2C900italic|font_style:400%20regular%3A400%3Anormal&#8221;][vc_separator][vc_custom_heading text=&#8221;El yap\u0131m\u0131 do\u011fal ta\u015f malzemelerimizin ger\u00e7ek hislerini ve rengini ya\u015famak i\u00e7in Trabzon&#8217;daki Showroom ma\u011fazam\u0131z\u0131 ve \u00fcretim tesisimizi ziyaret etmenizi \u00f6neririz. T\u00fcm renk ve y\u00fczeylerde \u00e7ok \u00e7e\u015fitli granit, mermer \u00f6rnekleri mevcuttur.&#8221; font_container=&#8221;tag:h4|text_align:center&#8221; google_fonts=&#8221;font_family:Open%20Sans%3A300%2C300italic%2Cregular%2Citalic%2C600%2C600italic%2C700%2C700italic%2C800%2C800italic|font_style:400%20regular%3A400%3Anormal&#8221; css_animation=&#8221;fadeInLeft&#8221;][vc_empty_space][\/vc_column][\/vc_row][vc_row][vc_column width=&#8221;2\/3&#8243;][vc_single_image image=&#8221;3423&#8243; img_size=&#8221;full&#8221; alignment=&#8221;center&#8221; css=&#8221;&#8221; css_animation=&#8221;appear&#8221; label=&#8221;&#8221; css_params=&#8221;&#8221;][\/vc_column][vc_column width=&#8221;1\/3&#8243;][vc_single_image image=&#8221;3425&#8243; img_size=&#8221;full&#8221; alignment=&#8221;center&#8221; onclick=&#8221;link_image&#8221; css=&#8221;&#8221; css_animation=&#8221;zoomInDown&#8221; label=&#8221;&#8221; css_params=&#8221;&#8221;][vc_single_image image=&#8221;3431&#8243; img_size=&#8221;full&#8221; alignment=&#8221;center&#8221; onclick=&#8221;link_image&#8221; css=&#8221;&#8221; css_animation=&#8221;zoomInUp&#8221; label=&#8221;&#8221; css_params=&#8221;&#8221;][\/vc_column][\/vc_row][vc_row][vc_column width=&#8221;1\/4&#8243;][vc_single_image image=&#8221;3424&#8243; img_size=&#8221;large&#8221; alignment=&#8221;center&#8221; onclick=&#8221;link_image&#8221; css=&#8221;&#8221; css_animation=&#8221;zoomInLeft&#8221; label=&#8221;&#8221; css_params=&#8221;&#8221;][\/vc_column][vc_column width=&#8221;1\/4&#8243;][vc_single_image image=&#8221;3426&#8243; img_size=&#8221;large&#8221; alignment=&#8221;center&#8221; onclick=&#8221;link_image&#8221; css=&#8221;&#8221; css_animation=&#8221;zoomInLeft&#8221; label=&#8221;&#8221; css_params=&#8221;&#8221;][\/vc_column][vc_column width=&#8221;1\/4&#8243;][vc_single_image image=&#8221;3430&#8243; img_size=&#8221;large&#8221; alignment=&#8221;center&#8221; onclick=&#8221;link_image&#8221; css=&#8221;&#8221; css_animation=&#8221;zoomInRight&#8221; label=&#8221;&#8221; css_params=&#8221;&#8221;][\/vc_column][vc_column width=&#8221;1\/4&#8243;][vc_single_image image=&#8221;3432&#8243; img_size=&#8221;large&#8221; alignment=&#8221;center&#8221; onclick=&#8221;link_image&#8221; css=&#8221;&#8221; css_animation=&#8221;zoomInRight&#8221; label=&#8221;&#8221; css_params=&#8221;&#8221;][\/vc_column][\/vc_row][vc_row][vc_column width=&#8221;1\/4&#8243;][vc_single_image image=&#8221;3433&#8243; img_size=&#8221;large&#8221; alignment=&#8221;center&#8221; onclick=&#8221;link_image&#8221; css=&#8221;&#8221; css_animation=&#8221;zoomInLeft&#8221; label=&#8221;&#8221; css_params=&#8221;&#8221;][\/vc_column][vc_column width=&#8221;1\/4&#8243;][vc_single_image image=&#8221;3434&#8243; img_size=&#8221;large&#8221; alignment=&#8221;center&#8221; onclick=&#8221;link_image&#8221; css=&#8221;&#8221; css_animation=&#8221;zoomInLeft&#8221; label=&#8221;&#8221; css_params=&#8221;&#8221;][\/vc_column][\/vc_row]<\/p>\n<\/div>","protected":false},"excerpt":{"rendered":"<p>[vc_row][vc_column][vc_custom_heading text=&#8221;SHOWROOM MA\u011eAZASI&#8221; font_container=&#8221;tag:h2|text_align:center&#8221; google_fonts=&#8221;font_family:Roboto%3A100%2C100italic%2C300%2C300italic%2Cregular%2Citalic%2C500%2C500italic%2C700%2C700italic%2C900%2C900italic|font_style:400%20regular%3A400%3Anormal&#8221;][vc_separator][vc_custom_heading text=&#8221;El yap\u0131m\u0131 do\u011fal ta\u015f malzemelerimizin ger\u00e7ek hislerini ve rengini ya\u015famak i\u00e7in Trabzon&#8217;daki Showroom ma\u011fazam\u0131z\u0131 ve \u00fcretim tesisimizi ziyaret etmenizi \u00f6neririz. T\u00fcm renk ve y\u00fczeylerde \u00e7ok \u00e7e\u015fitli granit, mermer \u00f6rnekleri mevcuttur.&#8221; font_container=&#8221;tag:h4|text_align:center&#8221; google_fonts=&#8221;font_family:Open%20Sans%3A300%2C300italic%2Cregular%2Citalic%2C600%2C600italic%2C700%2C700italic%2C800%2C800italic|font_style:400%20regular%3A400%3Anormal&#8221; css_animation=&#8221;fadeInLeft&#8221;][vc_empty_space][\/vc_column][\/vc_row][vc_row][vc_column width=&#8221;2\/3&#8243;][vc_single_image image=&#8221;3423&#8243; img_size=&#8221;full&#8221; alignment=&#8221;center&#8221; css=&#8221;&#8221; css_animation=&#8221;appear&#8221; label=&#8221;&#8221; css_params=&#8221;&#8221;][\/vc_column][vc_column width=&#8221;1\/3&#8243;][vc_single_image image=&#8221;3425&#8243; img_size=&#8221;full&#8221; alignment=&#8221;center&#8221; onclick=&#8221;link_image&#8221; css=&#8221;&#8221; css_animation=&#8221;zoomInDown&#8221; label=&#8221;&#8221; css_params=&#8221;&#8221;][vc_single_image [&hellip;]<\/p>\n","protected":false},"author":1,"featured_media":0,"parent":0,"menu_order":0,"comment_status":"closed","ping_status":"closed","template":"","meta":{"footnotes":""},"class_list":["post-3420","page","type-page","status-publish","hentry"],"_links":{"self":[{"href":"https:\/\/www.hdbilisim.net\/index.php\/wp-json\/wp\/v2\/pages\/3420","targetHints":{"allow":["GET"]}}],"collection":[{"href":"https:\/\/www.hdbilisim.net\/index.php\/wp-json\/wp\/v2\/pages"}],"about":[{"href":"https:\/\/www.hdbilisim.net\/index.php\/wp-json\/wp\/v2\/types\/page"}],"author":[{"embeddable":true,"href":"https:\/\/www.hdbilisim.net\/index.php\/wp-json\/wp\/v2\/users\/1"}],"replies":[{"embeddable":true,"href":"https:\/\/www.hdbilisim.net\/index.php\/wp-json\/wp\/v2\/comments?post=3420"}],"version-history":[{"count":5,"href":"https:\/\/www.hdbilisim.net\/index.php\/wp-json\/wp\/v2\/pages\/3420\/revisions"}],"predecessor-version":[{"id":3436,"href":"https:\/\/www.hdbilisim.net\/index.php\/wp-json\/wp\/v2\/pages\/3420\/revisions\/3436"}],"wp:attachment":[{"href":"https:\/\/www.hdbilisim.net\/index.php\/wp-json\/wp\/v2\/media?parent=3420"}],"curies":[{"name":"wp","href":"https:\/\/api.w.org\/{rel}","templated":true}]}}