{"id":45,"date":"2022-05-12T12:52:56","date_gmt":"2022-05-12T12:52:56","guid":{"rendered":"http:\/\/sw-themes.com\/porto_dummy\/?page_id=45"},"modified":"2025-10-07T16:39:53","modified_gmt":"2025-10-07T13:39:53","slug":"hakkimizda","status":"publish","type":"page","link":"https:\/\/www.hdbilisim.net\/index.php\/hakkimizda\/","title":{"rendered":"Hakk\u0131m\u0131zda"},"content":{"rendered":"<div class=\"wpb-content-wrapper\"><p>[vc_row no_padding=&#8221;yes&#8221;][vc_column animation_delay=&#8221;100&#8243; offset=&#8221;vc_col-md-6&#8243; css=&#8221;.vc_custom_1759696421794{padding-top: 20vh !important;padding-bottom: 20vh !important;background: #f4f4f4 url(https:\/\/www.hdbilisim.net\/wp-content\/uploads\/2025\/10\/logo-mockup-1024&#215;683-1.jpg?id=3325) !important;background-position: center !important;background-repeat: no-repeat !important;background-size: cover !important;}&#8221; animation_type=&#8221;fadeIn&#8221; el_class=&#8221;section-left-triangle order-lg-2&#8243; conditional_render=&#8221;%5B%7B%22value_role%22%3A%22administrator%22%7D%5D&#8221; css_params=&#8221;&#8221;][\/vc_column][vc_column is_half=&#8221;yes&#8221; is_half_right=&#8221;yes&#8221; offset=&#8221;vc_col-md-6&#8243; half_css=&#8221;pt-5 pt-lg-0&#8243;][vc_empty_space css_params=&#8221;&#8221;][vc_custom_heading text=&#8221;Ensu Grup \u0130n\u015faat&#8221; use_theme_fonts=&#8221;yes&#8221; animation_type=&#8221;fadeInUp&#8221; el_class=&#8221;mb-0&#8243; css_params=&#8221;&#8221;][vc_empty_space css_params=&#8221;&#8221;][vc_custom_heading text=&#8221;Ensu Grup \u0130n\u015faat 2008 y\u0131l\u0131nda Trabzon\u2019da kurulmu\u015ftur. Firmam\u0131z in\u015faat,nakliyat ve granit &#038; mermer alanlar\u0131nda hizmet vermektedir. Proje ve yap\u0131 \u00fcretiminde alan\u0131nda teknik bilgi ve tecr\u00fcbeye sahip elemanlarla \u00e7al\u0131\u015fmakta, i\u015fin zaman\u0131nda bitirilmesi i\u00e7in gerekli koordinasyonu sa\u011flamaktad\u0131r.<br \/>\nENSU GRUP \u0130N\u015eAAT, proje a\u015famas\u0131ndan ba\u015flayarak t\u00fcm in\u015faat i\u015fleri dahil y\u00fcksek kalitede i\u015f yapan bir in\u015faat firmas\u0131 olarak faaliyet g\u00f6stermektedir.&#8221; font_container=&#8221;tag:p|font_size:15.4px|text_align:left|line_height:26px&#8221; use_theme_fonts=&#8221;yes&#8221; font_weight=&#8221;300&#8243; letter_spacing=&#8221;0&#8243; animation_delay=&#8221;450&#8243; el_class=&#8221;mb-4&#8243; animation_type=&#8221;fadeInUp&#8221; css_params=&#8221;&#8221;][vc_empty_space css_params=&#8221;&#8221;][\/vc_column][\/vc_row][vc_row wrap_container=&#8221;yes&#8221; css=&#8221;.vc_custom_1666834602553{margin-top: 50px !important;}&#8221; conditional_render=&#8221;%5B%7B%22value_role%22%3A%22administrator%22%7D%5D&#8221;][vc_column el_class=&#8221;pb-5 mb-3&#8243;][vc_custom_heading text=&#8221;Vizyonumuz&#8221; font_container=&#8221;tag:h2|font_size:80px|text_align:center|color:%23212529|line_height:42px&#8221; use_theme_fonts=&#8221;yes&#8221; css=&#8221;.vc_custom_1759696480514{margin-bottom: 32px !important;}&#8221; font_weight=&#8221;700&#8243; letter_spacing=&#8221;1px&#8221; el_class=&#8221;custom-heading-1&#8243; css_params=&#8221;&#8221;][vc_custom_heading text=&#8221;Sekt\u00f6rde in\u015faat,nakliyat anlay\u0131\u015f\u0131na teknik anlamda farkl\u0131l\u0131klar kat\u0131p b\u00f6lgemizde ve \u00fclkemizde en farkl\u0131 firma olmak.&#8221; font_container=&#8221;tag:p|font_size:15.4px|text_align:center|line_height:26px&#8221; use_theme_fonts=&#8221;yes&#8221; font_weight=&#8221;300&#8243; letter_spacing=&#8221;0&#8243; animation_delay=&#8221;450&#8243; el_class=&#8221;mb-4&#8243; animation_type=&#8221;fadeInUp&#8221; css_params=&#8221;&#8221;][\/vc_column][\/vc_row][vc_row wrap_container=&#8221;yes&#8221; css=&#8221;.vc_custom_1666834602553{margin-top: 50px !important;}&#8221; conditional_render=&#8221;%5B%7B%22value_role%22%3A%22administrator%22%7D%5D&#8221;][vc_column el_class=&#8221;pb-5 mb-3&#8243;][vc_custom_heading text=&#8221;Misyonumuz&#8221; font_container=&#8221;tag:h2|font_size:80px|text_align:center|color:%23212529|line_height:42px&#8221; use_theme_fonts=&#8221;yes&#8221; css=&#8221;.vc_custom_1759697444620{margin-bottom: 32px !important;}&#8221; font_weight=&#8221;700&#8243; letter_spacing=&#8221;1px&#8221; el_class=&#8221;custom-heading-1&#8243; css_params=&#8221;&#8221;][vc_custom_heading text=&#8221;T\u00fcrkiye\u2019de ve D\u00fcnya\u2019da de\u011fi\u015fen in\u015faat sekt\u00f6r\u00fcn\u00fc yak\u0131ndan takip edip, de\u011fi\u015fen ihtiya\u00e7lara do\u011fru zamanda cevap verecek h\u0131zl\u0131 ve dinamik \u00e7\u00f6z\u00fcmler \u00fcretmek ve m\u00fc\u015fterilerimizin, bol \u00e7e\u015fit, fiyat avantaj\u0131, uygun \u00f6deme ko\u015fullar\u0131 ve iyi hizmet arac\u0131l\u0131\u011f\u0131yla ihtiya\u00e7lar\u0131na kolay ula\u015fabilmelerini sa\u011flamak ve bunun sonucu olarak evlerini ve ya\u015fam stillerini geli\u015ftirmelerine yard\u0131mc\u0131 olmakt\u0131r.&#8221; font_container=&#8221;tag:p|font_size:15.4px|text_align:center|line_height:26px&#8221; use_theme_fonts=&#8221;yes&#8221; font_weight=&#8221;300&#8243; letter_spacing=&#8221;0&#8243; animation_delay=&#8221;450&#8243; el_class=&#8221;mb-4&#8243; animation_type=&#8221;fadeInUp&#8221; css_params=&#8221;&#8221;][\/vc_column][\/vc_row][vc_row wrap_container=&#8221;yes&#8221; conditional_render=&#8221;%5B%7B%22value_role%22%3A%22administrator%22%7D%5D&#8221;][vc_column]<div class=\"porto-gallery has-ccols ccols-2 ccols-md-3 ccols-lg-4 ccols-xl-5 wpb_custom_8cd7ef41d85f9389c4ba48c0da8ba026 porto-carousel owl-carousel nav-center-images-only rounded-nav dots-style-1 align-items-center\" data-plugin-options=\"{&quot;autoplayTimeout&quot;:5000,&quot;items&quot;:5,&quot;xl&quot;:5,&quot;lg&quot;:4,&quot;md&quot;:3,&quot;sm&quot;:2,&quot;xs&quot;:2,&quot;nav&quot;:true,&quot;dots&quot;:&quot;yes&quot;}\"><figure><img loading=\"lazy\" decoding=\"async\" width=\"402\" height=\"126\" src=\"https:\/\/www.hdbilisim.net\/wp-content\/uploads\/2025\/10\/studio-brand3.png\" class=\"attachment-full size-full\" alt=\"\" srcset=\"https:\/\/www.hdbilisim.net\/wp-content\/uploads\/2025\/10\/studio-brand3.png 402w, https:\/\/www.hdbilisim.net\/wp-content\/uploads\/2025\/10\/studio-brand3-400x126.png 400w\" sizes=\"auto, (max-width: 402px) 100vw, 402px\" \/><\/figure><figure><img loading=\"lazy\" decoding=\"async\" width=\"323\" height=\"84\" src=\"https:\/\/www.hdbilisim.net\/wp-content\/uploads\/2025\/10\/studio-brand2.png\" class=\"attachment-full size-full\" alt=\"\" \/><\/figure><figure><img loading=\"lazy\" decoding=\"async\" width=\"302\" height=\"34\" src=\"https:\/\/www.hdbilisim.net\/wp-content\/uploads\/2025\/10\/studio-brand1.png\" class=\"attachment-full size-full\" alt=\"\" \/><\/figure><figure><img loading=\"lazy\" decoding=\"async\" width=\"140\" height=\"60\" src=\"https:\/\/www.hdbilisim.net\/wp-content\/uploads\/2025\/10\/new_brand1.png\" class=\"attachment-full size-full\" alt=\"\" \/><\/figure><figure><img loading=\"lazy\" decoding=\"async\" width=\"140\" height=\"60\" src=\"https:\/\/www.hdbilisim.net\/wp-content\/uploads\/2025\/10\/new_brand6.png\" class=\"attachment-full size-full\" alt=\"\" \/><\/figure><figure><img loading=\"lazy\" decoding=\"async\" width=\"140\" height=\"60\" src=\"https:\/\/www.hdbilisim.net\/wp-content\/uploads\/2025\/10\/new_brand5.png\" class=\"attachment-full size-full\" alt=\"\" \/><\/figure><\/div>[\/vc_column][\/vc_row]<\/p>\n<\/div>","protected":false},"excerpt":{"rendered":"<p>[vc_row no_padding=&#8221;yes&#8221;][vc_column animation_delay=&#8221;100&#8243; offset=&#8221;vc_col-md-6&#8243; css=&#8221;.vc_custom_1759696421794{padding-top: 20vh !important;padding-bottom: 20vh !important;background: #f4f4f4 url(https:\/\/www.hdbilisim.net\/wp-content\/uploads\/2025\/10\/logo-mockup-1024&#215;683-1.jpg?id=3325) !important;background-position: center !important;background-repeat: no-repeat !important;background-size: cover !important;}&#8221; animation_type=&#8221;fadeIn&#8221; el_class=&#8221;section-left-triangle order-lg-2&#8243; conditional_render=&#8221;%5B%7B%22value_role%22%3A%22administrator%22%7D%5D&#8221; css_params=&#8221;&#8221;][\/vc_column][vc_column is_half=&#8221;yes&#8221; is_half_right=&#8221;yes&#8221; offset=&#8221;vc_col-md-6&#8243; half_css=&#8221;pt-5 pt-lg-0&#8243;][vc_empty_space css_params=&#8221;&#8221;][vc_custom_heading text=&#8221;Ensu Grup \u0130n\u015faat&#8221; use_theme_fonts=&#8221;yes&#8221; animation_type=&#8221;fadeInUp&#8221; el_class=&#8221;mb-0&#8243; css_params=&#8221;&#8221;][vc_empty_space css_params=&#8221;&#8221;][vc_custom_heading text=&#8221;Ensu Grup \u0130n\u015faat 2008 y\u0131l\u0131nda Trabzon\u2019da kurulmu\u015ftur. Firmam\u0131z in\u015faat,nakliyat ve granit &#038; mermer alanlar\u0131nda hizmet vermektedir. Proje ve [&hellip;]<\/p>\n","protected":false},"author":1,"featured_media":0,"parent":0,"menu_order":0,"comment_status":"closed","ping_status":"closed","template":"","meta":{"footnotes":""},"class_list":["post-45","page","type-page","status-publish","hentry"],"_links":{"self":[{"href":"https:\/\/www.hdbilisim.net\/index.php\/wp-json\/wp\/v2\/pages\/45","targetHints":{"allow":["GET"]}}],"collection":[{"href":"https:\/\/www.hdbilisim.net\/index.php\/wp-json\/wp\/v2\/pages"}],"about":[{"href":"https:\/\/www.hdbilisim.net\/index.php\/wp-json\/wp\/v2\/types\/page"}],"author":[{"embeddable":true,"href":"https:\/\/www.hdbilisim.net\/index.php\/wp-json\/wp\/v2\/users\/1"}],"replies":[{"embeddable":true,"href":"https:\/\/www.hdbilisim.net\/index.php\/wp-json\/wp\/v2\/comments?post=45"}],"version-history":[{"count":53,"href":"https:\/\/www.hdbilisim.net\/index.php\/wp-json\/wp\/v2\/pages\/45\/revisions"}],"predecessor-version":[{"id":3559,"href":"https:\/\/www.hdbilisim.net\/index.php\/wp-json\/wp\/v2\/pages\/45\/revisions\/3559"}],"wp:attachment":[{"href":"https:\/\/www.hdbilisim.net\/index.php\/wp-json\/wp\/v2\/media?parent=45"}],"curies":[{"name":"wp","href":"https:\/\/api.w.org\/{rel}","templated":true}]}}